{"id":13,"date":"2024-01-31T03:14:19","date_gmt":"2024-01-31T03:14:19","guid":{"rendered":"https:\/\/rcuadradoingenieria.com\/?page_id=13"},"modified":"2024-05-08T02:52:12","modified_gmt":"2024-05-08T02:52:12","slug":"inicio","status":"publish","type":"page","link":"https:\/\/rcuadradoingenieria.com\/","title":{"rendered":""},"content":{"rendered":"\n<div class=\"wp-block-cb-carousel alignfull cb-single-slide\" data-slick=\"{&quot;slidesToShow&quot;:1,&quot;slidesToScroll&quot;:1,&quot;speed&quot;:300,&quot;arrows&quot;:true,&quot;dots&quot;:false,&quot;autoplay&quot;:false,&quot;autoplaySpeed&quot;:3000,&quot;infinite&quot;:false,&quot;responsive&quot;:[{&quot;breakpoint&quot;:769,&quot;settings&quot;:{&quot;slidesToShow&quot;:1,&quot;slidesToScroll&quot;:1}}]}\">\n<div class=\"wp-block-cb-slide\">\n<div class=\"wp-block-cover\" style=\"min-height:585px;aspect-ratio:unset;\"><span aria-hidden=\"true\" class=\"wp-block-cover__background has-background-dim\"><\/span><img loading=\"lazy\" decoding=\"async\" width=\"1719\" height=\"878\" class=\"wp-block-cover__image-background wp-image-139\" alt=\"\" src=\"http:\/\/rcuadradoingenieria.com\/wp-content\/uploads\/2024\/02\/negro1.png\" data-object-fit=\"cover\"\/><div class=\"wp-block-cover__inner-container has-global-padding is-layout-constrained wp-block-cover-is-layout-constrained\">\n<div class=\"wp-block-columns alignfull is-layout-flex wp-container-core-columns-is-layout-1 wp-block-columns-is-layout-flex\">\n<div class=\"wp-block-column has-text-color has-link-color wp-elements-c5fd9f592ee8e9827bd8fa46a7aa318a is-layout-flow wp-container-core-column-is-layout-1 wp-block-column-is-layout-flow\" style=\"color:#a4bad1;padding-left:var(--wp--preset--spacing--60)\">\n<h2 class=\"wp-block-heading texto-cortado has-base-color has-text-color has-link-color wp-elements-a23e072c7a4669ccb19307a2726b2433\" style=\"font-size:clamp(2.629rem, 2.629rem + ((1vw - 0.2rem) * 4.311), 5rem);\"><strong>INGENIER\u00cdA<\/strong><\/h2>\n\n\n\n<h2 class=\"wp-block-heading\" style=\"font-size:clamp(1.502rem, 1.502rem + ((1vw - 0.2rem) * 1.815), 2.5rem);\"><strong>Y DISE\u00d1O ESTRUCTURAL<\/strong><\/h2>\n\n\n\n<p style=\"margin-top:var(--wp--preset--spacing--30);margin-bottom:var(--wp--preset--spacing--30)\"><strong>Dise\u00f1o y consultor\u00eda estructural (Industrial y comercial) adaptada a los est\u00e1ndares normativos y requisitos funcionales y arquitect\u00f3nicos ,enfocados en la viabilidad econ\u00f3mica y la materializaci\u00f3n constructiva. \u00a1Dise\u00f1amos el futuro!<\/strong><\/p>\n\n\n\n<div class=\"wp-block-buttons is-layout-flex wp-block-buttons-is-layout-flex\">\n<div class=\"wp-block-button\"><a class=\"wp-block-button__link has-contrast-color has-luminous-vivid-amber-background-color has-text-color has-background has-link-color wp-element-button\" href=\"https:\/\/rcuadradoingenieria.com\/index.php\/contacto\/\"><strong>Cont\u00e1ctanos<\/strong><\/a><\/div>\n<\/div>\n<\/div>\n\n\n\n<div class=\"wp-block-column is-layout-flow wp-block-column-is-layout-flow\">\n<figure class=\"wp-block-image aligncenter size-full is-resized\"><img loading=\"lazy\" decoding=\"async\" width=\"1769\" height=\"2435\" src=\"http:\/\/rcuadradoingenieria.com\/wp-content\/uploads\/2024\/02\/Logo-a-color-size.png\" alt=\"\" class=\"wp-image-132\" style=\"width:208px;height:auto\"\/><\/figure>\n<\/div>\n<\/div>\n<\/div><\/div>\n<\/div>\n\n\n\n<div class=\"wp-block-cb-slide\"><\/div>\n<\/div>\n\n\n\n<div class=\"wp-block-group alignfull has-text-color has-background is-layout-flow wp-block-group-is-layout-flow\" style=\"color:#000000;background:linear-gradient(180deg,rgb(255,254,254) 0%,rgb(205,221,233) 100%);margin-top:0;margin-bottom:0;padding-top:var(--wp--preset--spacing--50);padding-bottom:var(--wp--preset--spacing--50)\">\n<h2 class=\"wp-block-heading has-text-align-center\" id=\"schedule-a-visit\" style=\"font-size:clamp(32.969px, 2.061rem + ((1vw - 3.2px) * 2.958), 59px);px;line-height:1.15\"><strong><strong>\u00bfQui\u00e9nes somos?<\/strong><\/strong><\/h2>\n\n\n\n<p class=\"has-text-align-center\" style=\"padding-right:var(--wp--preset--spacing--50);padding-left:var(--wp--preset--spacing--50);font-size:clamp(0.875rem, 0.875rem + ((1vw - 0.2rem) * 0.464), 1.13rem);line-height:1.9\"><strong>R2 Ingenier\u00eda es una empresa enfocada en el dise\u00f1o y consultor\u00eda estructural con la visi\u00f3n de abarcar cada una de las facetas y prever la necesidad de un dise\u00f1o que soporte de manera objetiva la funcionalidad, econom\u00eda y est\u00e9tica de cada soluci\u00f3n. Todo esto fundado en una vasta experiencia y flexibilidad sin comprometer la rigurosidad t\u00e9cnica de cada decisi\u00f3n. Amamos lo que hacemos y materializamos toda nuestra experiencia en los mejores dise\u00f1os para tu proyecto<\/strong>.  <strong>  <\/strong><\/p>\n\n\n\n<div class=\"wp-block-buttons is-horizontal is-content-justification-center is-layout-flex wp-container-core-buttons-is-layout-2 wp-block-buttons-is-layout-flex\">\n<div class=\"wp-block-button has-custom-width wp-block-button__width-50\"><a class=\"wp-block-button__link has-text-color has-background wp-element-button\" href=\"https:\/\/rcuadradoingenieria.com\/index.php\/equipo-de-trabajo\/\" style=\"border-radius:50px;color:#ffffff;background-color:#000000\">Conoce m\u00e1s sobre nosotros<\/a><\/div>\n<\/div>\n<\/div>\n\n\n\n<div style=\"height:50px\" aria-hidden=\"true\" class=\"wp-block-spacer\"><\/div>\n\n\n\n<h2 class=\"wp-block-heading alignwide has-text-align-center has-contrast-color has-text-color has-link-color wp-elements-ca5de0dc5bb4ca08fd41cdb871b946b4\" id=\"Servicios\" style=\"margin-top:0;margin-right:0;margin-bottom:0;margin-left:0;font-style:normal;font-weight:700;text-transform:capitalize\"><strong>Nuestros Servicios<\/strong><\/h2>\n\n\n\n<div class=\"wp-block-columns alignfull is-layout-flex wp-container-core-columns-is-layout-2 wp-block-columns-is-layout-flex\" style=\"margin-bottom:0;padding-top:0;padding-right:var(--wp--preset--spacing--30);padding-bottom:0;padding-left:var(--wp--preset--spacing--30)\">\n<div class=\"wp-block-column is-vertically-aligned-stretch bloque-servicios has-base-color has-text-color has-background has-link-color wp-elements-7b132582074955c31ecb490bf5266954 has-global-padding is-layout-constrained wp-container-core-column-is-layout-3 wp-block-column-is-layout-constrained\" style=\"background-color:#ffe97d;padding-top:2em;padding-right:2em;padding-bottom:2em;padding-left:2em\">\n<div class=\"wp-block-group has-global-padding is-layout-constrained wp-block-group-is-layout-constrained\" style=\"min-height:300px\">\n<h2 class=\"wp-block-heading has-base-color has-text-color has-link-color wp-elements-6e617726b2817d8df6a75a3f1c8158f5\" id=\"single\" style=\"font-size:clamp(24.034px, 1.502rem + ((1vw - 3.2px) * 1.814), 40px);\"><strong>Dise\u00f1o Estructural en Acero, Concreto y Mixto<\/strong><\/h2>\n\n\n\n<p style=\"font-size:clamp(14px, 0.875rem + ((1vw - 3.2px) * 0.682), 20px);\"><strong>Te acompa\u00f1amos en tus planes y proyectos de ingenier\u00eda.<\/strong> <\/p>\n<\/div>\n\n\n\n<div class=\"wp-block-group alignwide has-global-padding is-layout-constrained wp-block-group-is-layout-constrained\">\n<div class=\"wp-block-buttons alignwide is-vertical is-content-justification-center is-layout-flex wp-container-core-buttons-is-layout-3 wp-block-buttons-is-layout-flex\">\n<div class=\"wp-block-button has-custom-width wp-block-button__width-50\"><a class=\"wp-block-button__link has-white-color has-text-color has-background no-border-radius wp-element-button\" href=\"https:\/\/rcuadradoingenieria.com\/index.php\/2024\/02\/10\/diseno-estructural\/\" style=\"background-color:#727b84\">Ver m\u00e1s<\/a><\/div>\n<\/div>\n<\/div>\n<\/div>\n\n\n\n<div class=\"wp-block-column bloque-servicios-especiales has-base-color has-text-color has-background has-link-color wp-elements-11021dc648466aa73c28c0061d0a9c6d is-layout-flow wp-container-core-column-is-layout-4 wp-block-column-is-layout-flow\" style=\"background-color:#d1d1e1;padding-top:2em;padding-right:2em;padding-bottom:2em;padding-left:2em\">\n<div class=\"wp-block-group has-global-padding is-layout-constrained wp-block-group-is-layout-constrained\" style=\"min-height:300px\">\n<h2 class=\"wp-block-heading\" id=\"family\" style=\"font-size:clamp(24.034px, 1.502rem + ((1vw - 3.2px) * 1.814), 40px);\"><strong>Servicios Especiales (Elementos Finitos, infraestructura vial, Vibraciones y Equipos)<\/strong><\/h2>\n\n\n\n<p style=\"font-size:clamp(14px, 0.875rem + ((1vw - 3.2px) * 0.682), 20px);line-height:1.5\"><strong>Contamos con las herramientas y la capacidad para afrontar tus proyectos m\u00e1s retadores <\/strong><\/p>\n<\/div>\n\n\n\n<div class=\"wp-block-buttons alignfull is-horizontal is-content-justification-center is-layout-flex wp-container-core-buttons-is-layout-4 wp-block-buttons-is-layout-flex\">\n<div class=\"wp-block-button has-custom-width wp-block-button__width-50 is-style-fill\"><a class=\"wp-block-button__link has-white-color has-text-color has-background no-border-radius wp-element-button\" href=\"https:\/\/rcuadradoingenieria.com\/index.php\/2024\/02\/21\/servicios-especiales\/\" style=\"background-color:#727b84\">Ver m\u00e1s<\/a><\/div>\n<\/div>\n<\/div>\n<\/div>\n\n\n\n<div class=\"wp-block-columns alignfull is-layout-flex wp-container-core-columns-is-layout-3 wp-block-columns-is-layout-flex\" style=\"margin-bottom:0;padding-top:0;padding-right:var(--wp--preset--spacing--30);padding-bottom:0;padding-left:var(--wp--preset--spacing--30)\">\n<div class=\"wp-block-column is-vertically-aligned-stretch bloque-servicios2 has-base-color has-text-color has-background has-link-color wp-elements-3bc66fbb7a7649a750a0e5872773794b is-layout-flow wp-container-core-column-is-layout-5 wp-block-column-is-layout-flow\" style=\"background-color:#ffe97d;padding-top:2em;padding-right:2em;padding-bottom:2em;padding-left:2em\">\n<div class=\"wp-block-group has-global-padding is-layout-constrained wp-block-group-is-layout-constrained\" style=\"min-height:300px\">\n<h2 class=\"wp-block-heading has-base-color has-text-color has-link-color wp-elements-f9c5a2d26168bf4c51c9c27d91dd0a81\" id=\"single\" style=\"font-size:clamp(24.034px, 1.502rem + ((1vw - 3.2px) * 1.814), 40px);\"><strong>Patolog\u00eda Estructural y Vulnerabilidad<\/strong><\/h2>\n\n\n\n<p class=\"has-base-color has-text-color has-link-color wp-elements-77bcc9a3980bf8ea8e8605c5961dd6b8\" style=\"font-size:clamp(14px, 0.875rem + ((1vw - 3.2px) * 0.682), 20px);line-height:1.5\"><strong>Si tu estructura requiere un reconocimiento, reparaci\u00f3n o repotenciaci\u00f3n estamos aqu\u00ed para asesorarte.<\/strong> <\/p>\n<\/div>\n\n\n\n<div class=\"wp-block-buttons alignfull is-horizontal is-content-justification-center is-layout-flex wp-container-core-buttons-is-layout-5 wp-block-buttons-is-layout-flex\">\n<div class=\"wp-block-button has-custom-width wp-block-button__width-50\"><a class=\"wp-block-button__link has-white-color has-text-color has-background no-border-radius wp-element-button\" href=\"https:\/\/rcuadradoingenieria.com\/index.php\/2024\/02\/20\/patologia-estructural\/\" style=\"background-color:#727b84\">Ver m\u00e1s<\/a><\/div>\n<\/div>\n<\/div>\n\n\n\n<div class=\"wp-block-column is-vertically-aligned-stretch bloque-servicios-especiales2 has-base-color has-text-color has-background has-link-color wp-elements-eb118b2fcb31235418b6942e94c1b828 is-layout-flow wp-container-core-column-is-layout-6 wp-block-column-is-layout-flow\" style=\"background-color:#d1d1e1;padding-top:2em;padding-right:2em;padding-bottom:2em;padding-left:2em\">\n<div class=\"wp-block-group has-global-padding is-layout-constrained wp-block-group-is-layout-constrained\" style=\"min-height:300px\">\n<h2 class=\"wp-block-heading\" id=\"family\" style=\"font-size:clamp(24.034px, 1.502rem + ((1vw - 3.2px) * 1.814), 40px);\"><strong>Asesor\u00eda T\u00e9cnica, Interventor\u00eda y Acompa\u00f1amiento en Construcci\u00f3n<\/strong><\/h2>\n\n\n\n<p style=\"font-size:clamp(14px, 0.875rem + ((1vw - 3.2px) * 0.682), 20px);line-height:1.5\"><strong>Estamos dispuestos para acompa\u00f1arte en la materializaci\u00f3n de tus planes y dise\u00f1os.<\/strong><\/p>\n<\/div>\n\n\n\n<div class=\"wp-block-buttons alignfull is-horizontal is-content-justification-center is-layout-flex wp-container-core-buttons-is-layout-6 wp-block-buttons-is-layout-flex\">\n<div class=\"wp-block-button has-custom-width wp-block-button__width-50 is-style-fill\"><a class=\"wp-block-button__link has-white-color has-text-color has-background no-border-radius wp-element-button\" href=\"https:\/\/rcuadradoingenieria.com\/index.php\/2024\/02\/21\/acompanamiento-en-construccion\/\" style=\"background-color:#727b84\">Ver m\u00e1s<\/a><\/div>\n<\/div>\n<\/div>\n<\/div>\n\n\n\n<div class=\"wp-block-group alignfull has-background is-layout-flow wp-block-group-is-layout-flow\" style=\"background-color:#f3f3f3;padding-top:var(--wp--preset--spacing--30);padding-right:var(--wp--preset--spacing--40);padding-bottom:var(--wp--preset--spacing--30);padding-left:var(--wp--preset--spacing--40)\">\n<div class=\"wp-block-columns is-layout-flex wp-container-core-columns-is-layout-5 wp-block-columns-is-layout-flex\">\n<div class=\"wp-block-column is-layout-flow wp-block-column-is-layout-flow\" style=\"flex-basis:100%\">\n<div class=\"wp-block-columns is-layout-flex wp-container-core-columns-is-layout-4 wp-block-columns-is-layout-flex\">\n<div class=\"wp-block-column is-layout-flow wp-block-column-is-layout-flow\" style=\"flex-basis:100%\">\n<div class=\"wp-block-group has-global-padding is-layout-constrained wp-block-group-is-layout-constrained\">\n<h1 class=\"wp-block-heading has-text-align-center has-text-color has-link-color wp-elements-bb2c15ea4c58074b5c4aae410338aec7\" style=\"color:#dfa60a;font-style:normal;font-weight:900\"><strong>Proyectos<\/strong><\/h1>\n<\/div>\n<\/div>\n<\/div>\n<\/div>\n<\/div>\n\n\n\n<div class=\"wp-block-columns alignwide is-layout-flex wp-container-core-columns-is-layout-6 wp-block-columns-is-layout-flex\">\n<div class=\"wp-block-column is-layout-flow wp-block-column-is-layout-flow\" style=\"flex-basis:50%\">\n<\/div>\n\n\n\n<div class=\"wp-block-column is-layout-flow wp-block-column-is-layout-flow\" style=\"flex-basis:50%\">\n\t\t\t\t\n\t<style type=\"text\/css\">\n\t\t.slider-info-194.bafg-slider-info .bafg-slider-title {\n\t\t\t\t\t\tfont-size: 22px;\n\t\t\t\t\t\t\n\t\t\t\n\t\t\t\t\t}\n\n\t\t.slider-info-194.bafg-slider-info .bafg-slider-description {\n\t\t\t\n\t\t\t\n\t\t\t\t\t}\n\n\t\t.slider-info-194.bafg-slider-info .bafg_slider_readmore_button {\n\t\t\t\n\t\t\t\n\t\t\t\n\t\t\t\n\t\t\t\n\t\t\ttext-align: center;\n\n\t\t\t\n\t\t\t\n\t\t\t\n\t\t\t\n\t\t\t\n\t\t\t\n\t\t\t\t\t}\n\n\t\t.slider-info-194.bafg-slider-info .bafg_slider_readmore_button:hover {\n\n\t\t\t\n\t\t\t\n\t\t\t\t\t}\n\n\t<\/style>\n\t\n\t\t\t<div class=\"bafg-twentytwenty-container slider-194  \"\n\t\t\t\tbafg-orientation=\"horizontal\" bafg-default-offset=\"0.5\"\n\t\t\t\tbafg-before-label=\"Before\"\n\t\t\t\tbafg-after-label=\"After\"\n\t\t\t\tbafg-overlay=\"1\"\n\t\t\t\tbafg-move-slider-on-hover=\"\"\n\t\t\t\tbafg-click-to-move=\"\">\n\n\t\t\t\t\t\t\t\t<img class=\"skip-lazy\" data-skip-lazy\t\t\t\t\tsrc=\"http:\/\/rcuadradoingenieria.com\/wp-content\/uploads\/2024\/02\/EGAM-1.jpg\" alt=\"\">\n\t\t\t\t<img class=\"skip-lazy\" data-skip-lazy\t\t\t\t\tsrc=\"http:\/\/rcuadradoingenieria.com\/wp-content\/uploads\/2024\/02\/EGAM-2.jpg\" alt=\"\">\n\n\t\t\t<\/div>\n\n\t\t\t\t<div class=\"bafg-slider-info-wraper\">\n\t\t<div style=\"\" class=\"slider-info-194 bafg-slider-info\">\n\t\t\t\t\t<\/div>\n\t<\/div>\n\t\n\t\t\t<style type=\"text\/css\">\n\t\t\t\t\t\t\t\t\t\t\t<\/style>\n\t\t\t\n<\/div>\n<\/div>\n\n\n\n<div class=\"wp-block-columns alignwide is-layout-flex wp-container-core-columns-is-layout-7 wp-block-columns-is-layout-flex\">\n<div class=\"wp-block-column is-layout-flow wp-block-column-is-layout-flow\" style=\"flex-basis:50%\">\n\t\t\t\t\n\t<style type=\"text\/css\">\n\t\t.slider-info-534.bafg-slider-info .bafg-slider-title {\n\t\t\t\t\t\tfont-size: 22px;\n\t\t\t\t\t\t\n\t\t\t\n\t\t\t\t\t}\n\n\t\t.slider-info-534.bafg-slider-info .bafg-slider-description {\n\t\t\t\n\t\t\t\n\t\t\t\t\t}\n\n\t\t.slider-info-534.bafg-slider-info .bafg_slider_readmore_button {\n\t\t\t\n\t\t\t\n\t\t\t\n\t\t\t\n\t\t\t\n\t\t\ttext-align: center;\n\n\t\t\t\n\t\t\t\n\t\t\t\n\t\t\t\n\t\t\t\n\t\t\t\n\t\t\t\t\t}\n\n\t\t.slider-info-534.bafg-slider-info .bafg_slider_readmore_button:hover {\n\n\t\t\t\n\t\t\t\n\t\t\t\t\t}\n\n\t<\/style>\n\t\n\t\t\t<div class=\"bafg-twentytwenty-container slider-534  \"\n\t\t\t\tbafg-orientation=\"horizontal\" bafg-default-offset=\"0.5\"\n\t\t\t\tbafg-before-label=\"Before\"\n\t\t\t\tbafg-after-label=\"After\"\n\t\t\t\tbafg-overlay=\"1\"\n\t\t\t\tbafg-move-slider-on-hover=\"\"\n\t\t\t\tbafg-click-to-move=\"\">\n\n\t\t\t\t\t\t\t\t<img class=\"skip-lazy\" data-skip-lazy\t\t\t\t\tsrc=\"http:\/\/rcuadradoingenieria.com\/wp-content\/uploads\/2024\/03\/PEOM-2.jpg\" alt=\"\">\n\t\t\t\t<img class=\"skip-lazy\" data-skip-lazy\t\t\t\t\tsrc=\"http:\/\/rcuadradoingenieria.com\/wp-content\/uploads\/2024\/03\/PEOM-1.jpeg\" alt=\"\">\n\n\t\t\t<\/div>\n\n\t\t\t\t<div class=\"bafg-slider-info-wraper\">\n\t\t<div style=\"\" class=\"slider-info-534 bafg-slider-info\">\n\t\t\t\t\t<\/div>\n\t<\/div>\n\t\n\t\t\t<style type=\"text\/css\">\n\t\t\t\t\t\t\t\t\t\t\t<\/style>\n\t\t\t\n<\/div>\n\n\n\n<div class=\"wp-block-column is-layout-flow wp-block-column-is-layout-flow\" style=\"flex-basis:50%\">\n\t\t\t\t\n\t<style type=\"text\/css\">\n\t\t.slider-info-67.bafg-slider-info .bafg-slider-title {\n\t\t\t\t\t\tfont-size: 22px;\n\t\t\t\t\t\t\n\t\t\t\n\t\t\t\t\t\ttext-align: center;\n\t\t\t\t\t}\n\n\t\t.slider-info-67.bafg-slider-info .bafg-slider-description {\n\t\t\t\n\t\t\t\n\t\t\t\t\t}\n\n\t\t.slider-info-67.bafg-slider-info .bafg_slider_readmore_button {\n\t\t\t\n\t\t\t\n\t\t\t\n\t\t\t\n\t\t\t\n\t\t\ttext-align: center;\n\n\t\t\t\n\t\t\t\n\t\t\t\n\t\t\t\n\t\t\t\n\t\t\t\n\t\t\t\t\t\tdisplay: block;\n\t\t\twidth: 100%;\n\t\t\t\t\t}\n\n\t\t.slider-info-67.bafg-slider-info .bafg_slider_readmore_button:hover {\n\n\t\t\t\n\t\t\t\n\t\t\t\t\t}\n\n\t<\/style>\n\t\n\t\t\t<div class=\"bafg-twentytwenty-container slider-67  \"\n\t\t\t\tbafg-orientation=\"horizontal\" bafg-default-offset=\"0.5\"\n\t\t\t\tbafg-before-label=\"Before\"\n\t\t\t\tbafg-after-label=\"After\"\n\t\t\t\tbafg-overlay=\"1\"\n\t\t\t\tbafg-move-slider-on-hover=\"\"\n\t\t\t\tbafg-click-to-move=\"\">\n\n\t\t\t\t\t\t\t\t<img class=\"skip-lazy\" data-skip-lazy\t\t\t\t\tsrc=\"http:\/\/rcuadradoingenieria.com\/wp-content\/uploads\/2024\/02\/NISC-1.jpg\" alt=\"Antes\">\n\t\t\t\t<img class=\"skip-lazy\" data-skip-lazy\t\t\t\t\tsrc=\"http:\/\/rcuadradoingenieria.com\/wp-content\/uploads\/2024\/02\/NISC-2.jpeg\" alt=\"Despu\u00e9s\">\n\n\t\t\t<\/div>\n\n\t\t\t\t<div class=\"bafg-slider-info-wraper\">\n\t\t<div style=\"\" class=\"slider-info-67 bafg-slider-info\">\n\t\t\t\t\t<\/div>\n\t<\/div>\n\t\n\t\t\t<style type=\"text\/css\">\n\t\t\t\t\t\t\t\t\t\t\t<\/style>\n\t\t\t\n<\/div>\n<\/div>\n<\/div>\n\n\n\n<p><\/p>\n","protected":false},"excerpt":{"rendered":"<p>\u00bfQui\u00e9nes somos? R2 Ingenier\u00eda es una empresa enfocada en el dise\u00f1o y consultor\u00eda estructural con la visi\u00f3n de abarcar cada una de las facetas y prever la necesidad de un dise\u00f1o que soporte de manera objetiva la funcionalidad, econom\u00eda y est\u00e9tica de cada soluci\u00f3n. Todo esto fundado en una vasta experiencia y flexibilidad sin comprometer [&hellip;]<\/p>\n","protected":false},"author":1,"featured_media":0,"parent":0,"menu_order":0,"comment_status":"closed","ping_status":"closed","template":"","meta":{"footnotes":""},"_links":{"self":[{"href":"https:\/\/rcuadradoingenieria.com\/index.php\/wp-json\/wp\/v2\/pages\/13"}],"collection":[{"href":"https:\/\/rcuadradoingenieria.com\/index.php\/wp-json\/wp\/v2\/pages"}],"about":[{"href":"https:\/\/rcuadradoingenieria.com\/index.php\/wp-json\/wp\/v2\/types\/page"}],"author":[{"embeddable":true,"href":"https:\/\/rcuadradoingenieria.com\/index.php\/wp-json\/wp\/v2\/users\/1"}],"replies":[{"embeddable":true,"href":"https:\/\/rcuadradoingenieria.com\/index.php\/wp-json\/wp\/v2\/comments?post=13"}],"version-history":[{"count":108,"href":"https:\/\/rcuadradoingenieria.com\/index.php\/wp-json\/wp\/v2\/pages\/13\/revisions"}],"predecessor-version":[{"id":799,"href":"https:\/\/rcuadradoingenieria.com\/index.php\/wp-json\/wp\/v2\/pages\/13\/revisions\/799"}],"wp:attachment":[{"href":"https:\/\/rcuadradoingenieria.com\/index.php\/wp-json\/wp\/v2\/media?parent=13"}],"curies":[{"name":"wp","href":"https:\/\/api.w.org\/{rel}","templated":true}]}}