{"id":409,"date":"2024-02-21T15:44:26","date_gmt":"2024-02-21T15:44:26","guid":{"rendered":"https:\/\/rcuadradoingenieria.com\/?page_id=409"},"modified":"2024-03-07T00:40:48","modified_gmt":"2024-03-07T00:40:48","slug":"normativas-empleadas","status":"publish","type":"page","link":"https:\/\/rcuadradoingenieria.com\/index.php\/normativas-empleadas\/","title":{"rendered":"Normativas empleadas"},"content":{"rendered":"\n<div class=\"wp-block-columns is-layout-flex wp-container-core-columns-is-layout-1 wp-block-columns-is-layout-flex\">\n<div class=\"wp-block-column is-layout-flow wp-block-column-is-layout-flow\" style=\"flex-basis:50%\">\n<div class=\"wp-block-group has-global-padding is-layout-constrained wp-block-group-is-layout-constrained\">\n<p>En <strong>R\u00b2 Ingenier\u00eda\u00a0<\/strong>estamos comprometidos con el cumplimiento de normas, est\u00e1ndares, recomendaciones y buenas pr\u00e1cticas de dise\u00f1o y construcci\u00f3n, por ende, estamos a la vanguardia\u00a0 y en continuo aprendizaje para siempre estar actualizados.<\/p>\n\n\n\n<p><strong>Normas Locales<\/strong><\/p>\n\n\n\n<p>\u2022NSR-10 :Reglamento Colombiano de Construcci\u00f3n Sismo Resistente<\/p>\n\n\n\n<p>\u2022AIS 180 : Recomendaciones para estructuras diferentes a edificaciones.<\/p>\n\n\n\n<p>\u2022NTC: Normas t\u00e9cnicas colombianas<\/p>\n\n\n\n<p><strong>Normas Internacionales<\/strong><\/p>\n\n\n\n<p>\u2022ASCE 7 : Prescripciones de cargas para estructuras.<\/p>\n\n\n\n<p>\u2022AISC: Especificaciones para estructuras de acero.<\/p>\n\n\n\n<p>\u2022ACI 318. Especificaciones para estructuras de concreto<\/p>\n\n\n\n<p>\u2022EN: Normativa Europea<\/p>\n\n\n\n<p>\u2022IBC: Prescripciones de cargas para estructuras.<\/p>\n\n\n\n<p>\u2022Entre otros.<\/p>\n<\/div>\n<\/div>\n\n\n\n<div class=\"wp-block-column is-layout-flow wp-block-column-is-layout-flow\" style=\"flex-basis:50%\">\n<div class=\"wp-block-group is-nowrap is-layout-flex wp-container-core-group-is-layout-3 wp-block-group-is-layout-flex\">\n<div class=\"wp-block-group is-vertical is-layout-flex wp-container-core-group-is-layout-2 wp-block-group-is-layout-flex\">\n<figure class=\"wp-block-image size-full is-resized\"><img loading=\"lazy\" decoding=\"async\" width=\"900\" height=\"900\" src=\"http:\/\/rcuadradoingenieria.com\/wp-content\/uploads\/2024\/03\/AISC.jpg\" alt=\"\" class=\"wp-image-621\" style=\"width:255px;height:auto\"\/><\/figure>\n\n\n\n<figure class=\"wp-block-image size-full is-resized\"><img loading=\"lazy\" decoding=\"async\" width=\"799\" height=\"319\" src=\"http:\/\/rcuadradoingenieria.com\/wp-content\/uploads\/2024\/03\/ASCE.png\" alt=\"\" class=\"wp-image-622\" style=\"width:285px;height:auto\"\/><\/figure>\n<\/div>\n<\/div>\n\n\n\n<div class=\"wp-block-group is-nowrap is-layout-flex wp-container-core-group-is-layout-5 wp-block-group-is-layout-flex\">\n<div class=\"wp-block-group is-vertical is-layout-flex wp-container-core-group-is-layout-4 wp-block-group-is-layout-flex\">\n<figure class=\"wp-block-image size-full is-resized\"><img loading=\"lazy\" decoding=\"async\" width=\"900\" height=\"550\" src=\"http:\/\/rcuadradoingenieria.com\/wp-content\/uploads\/2024\/03\/ACI.jpg\" alt=\"\" class=\"wp-image-620\" style=\"width:369px;height:auto\"\/><\/figure>\n\n\n\n<figure class=\"wp-block-image size-full is-resized\"><img loading=\"lazy\" decoding=\"async\" width=\"1503\" height=\"769\" src=\"http:\/\/rcuadradoingenieria.com\/wp-content\/uploads\/2024\/03\/NSR-10.jpg\" alt=\"\" class=\"wp-image-619\" style=\"width:413px;height:auto\"\/><\/figure>\n<\/div>\n<\/div>\n<\/div>\n<\/div>\n","protected":false},"excerpt":{"rendered":"<p>En R\u00b2 Ingenier\u00eda\u00a0estamos comprometidos con el cumplimiento de normas, est\u00e1ndares, recomendaciones y buenas pr\u00e1cticas de dise\u00f1o y construcci\u00f3n, por ende, estamos a la vanguardia\u00a0 y en continuo aprendizaje para siempre estar actualizados. Normas Locales \u2022NSR-10 :Reglamento Colombiano de Construcci\u00f3n Sismo Resistente \u2022AIS 180 : Recomendaciones para estructuras diferentes a edificaciones. \u2022NTC: Normas t\u00e9cnicas colombianas Normas [&hellip;]<\/p>\n","protected":false},"author":1,"featured_media":0,"parent":0,"menu_order":0,"comment_status":"closed","ping_status":"closed","template":"","meta":{"footnotes":""},"_links":{"self":[{"href":"https:\/\/rcuadradoingenieria.com\/index.php\/wp-json\/wp\/v2\/pages\/409"}],"collection":[{"href":"https:\/\/rcuadradoingenieria.com\/index.php\/wp-json\/wp\/v2\/pages"}],"about":[{"href":"https:\/\/rcuadradoingenieria.com\/index.php\/wp-json\/wp\/v2\/types\/page"}],"author":[{"embeddable":true,"href":"https:\/\/rcuadradoingenieria.com\/index.php\/wp-json\/wp\/v2\/users\/1"}],"replies":[{"embeddable":true,"href":"https:\/\/rcuadradoingenieria.com\/index.php\/wp-json\/wp\/v2\/comments?post=409"}],"version-history":[{"count":5,"href":"https:\/\/rcuadradoingenieria.com\/index.php\/wp-json\/wp\/v2\/pages\/409\/revisions"}],"predecessor-version":[{"id":627,"href":"https:\/\/rcuadradoingenieria.com\/index.php\/wp-json\/wp\/v2\/pages\/409\/revisions\/627"}],"wp:attachment":[{"href":"https:\/\/rcuadradoingenieria.com\/index.php\/wp-json\/wp\/v2\/media?parent=409"}],"curies":[{"name":"wp","href":"https:\/\/api.w.org\/{rel}","templated":true}]}}