{"id":436,"date":"2024-02-21T15:54:25","date_gmt":"2024-02-21T15:54:25","guid":{"rendered":"https:\/\/rcuadradoingenieria.com\/?page_id=436"},"modified":"2025-12-01T01:51:30","modified_gmt":"2025-12-01T01:51:30","slug":"equipo-de-trabajo","status":"publish","type":"page","link":"https:\/\/rcuadradoingenieria.com\/index.php\/equipo-de-trabajo\/","title":{"rendered":"Equipo de Trabajo"},"content":{"rendered":"\n<div class=\"wp-block-columns alignwide are-vertically-aligned-top is-layout-flex wp-container-core-columns-is-layout-3 wp-block-columns-is-layout-flex\" style=\"padding-right:var(--wp--preset--spacing--40);padding-left:var(--wp--preset--spacing--40)\">\n<div class=\"wp-block-column is-vertically-aligned-top is-layout-flow wp-block-column-is-layout-flow\" style=\"flex-basis:40%\">\n<p class=\"has-luminous-vivid-amber-color has-text-color has-link-color has-medium-font-size wp-elements-a0713501812b64feeea81b0e95bca48b\"><strong>\u00bfQui\u00e9nes somos?<\/strong><\/p>\n\n\n\n<p><strong>R\u00b2 Ingenier\u00eda <\/strong>es una empresa enfocada en el dise\u00f1o y consultor\u00eda estructural con la visi\u00f3n de abarcar cada una de las facetas y prever las necesidades de un dise\u00f1o que soporte de manera objetiva&nbsp; la funcionalidad, econom\u00eda y est\u00e9tica de cada soluci\u00f3n. Todo esto fundado en una vasta experiencia y flexibilidad sin comprometer la rigurosidad t\u00e9cnica de cada decisi\u00f3n. Amamos lo que hacemos y materializamos toda nuestra experiencia en los mejores dise\u00f1os para tu proyecto.<\/p>\n\n\n\n<p><strong>R\u00b2 Ingenier\u00eda <\/strong>est\u00e1 fundada por el Ingeniero Emmanuel Restrepo  con una amplia trayectoria en\u00a0 diversos sectores de la ingenier\u00eda estructural y relacion\u00e1ndose con otras disciplinas como la arquitectura y la ingenier\u00eda mec\u00e1nica.<\/p>\n\n\n\n<p>Tenemos experiencia en las diferentes etapas de ingenier\u00eda de proyectos de estructuras de acero, concreto y mixtas, adicionalmente, el tiempo en el sector nos ha permitido acumular la retroalimentaci\u00f3n de los procesos constructivos y de fabricaci\u00f3n para llegar al punto deseado de manera \u00e1gil.<\/p>\n\n\n\n<p><strong>R\u00b2 Ingenier\u00eda <\/strong>est\u00e1 comprometida con la calidad t\u00e9cnica, por eso creemos firmemente en el aprendizaje continuo y actualizaci\u00f3n en est\u00e1ndares nacionales e internacionales.<\/p>\n<\/div>\n\n\n\n<div class=\"wp-block-column is-vertically-aligned-top is-layout-flow wp-block-column-is-layout-flow\" style=\"flex-basis:50%\">\n<div class=\"wp-block-group has-global-padding is-layout-constrained wp-block-group-is-layout-constrained\">\n<div class=\"wp-block-group alignfull has-global-padding is-layout-constrained wp-block-group-is-layout-constrained\">\n<div class=\"wp-block-columns alignwide is-layout-flex wp-container-core-columns-is-layout-1 wp-block-columns-is-layout-flex\" style=\"padding-top:var(--wp--preset--spacing--40);padding-bottom:0\">\n<div class=\"wp-block-column is-layout-flow wp-block-column-is-layout-flow\" style=\"flex-basis:50%\">\n<figure class=\"wp-block-image size-full is-resized\"><img loading=\"lazy\" decoding=\"async\" width=\"360\" height=\"360\" src=\"http:\/\/rcuadradoingenieria.com\/wp-content\/uploads\/2024\/02\/1t.png\" alt=\"\" class=\"wp-image-190\" style=\"width:298px;height:auto\"\/><\/figure>\n<\/div>\n\n\n\n<div class=\"wp-block-column is-vertically-aligned-center is-layout-flow wp-block-column-is-layout-flow\" style=\"flex-basis:50%\">\n<p class=\"has-text-color has-link-color wp-elements-101eaaf16e305e8cbddc56c388294539\" style=\"color:#e4a804\"><strong>Emmanuel Restrepo Mar\u00edn<\/strong><\/p>\n\n\n\n<p class=\"has-medium-font-size\"><strong>Emmanuel<\/strong> es Ingeniero Civil egresado de la Universidad de Antioquia y con posgrado en la Universidad Nacional de Colombia, tiene amplia experiencia en el dise\u00f1o de estructuras de acero y mixtas (acero y concreto), con un enfoque primordialmente en sector Oil &amp;Gas en el \u00e1mbito nacional e internacional. Experiencia en acompa\u00f1amiento desde el dise\u00f1o en procesos de fabricaci\u00f3n y montaje de estructuras livianas y pesadas.<\/p>\n<\/div>\n<\/div>\n<\/div>\n\n\n\n<div class=\"wp-block-group has-global-padding is-layout-constrained wp-block-group-is-layout-constrained\">\n<div class=\"wp-block-columns is-layout-flex wp-container-core-columns-is-layout-2 wp-block-columns-is-layout-flex\">\n<div class=\"wp-block-column is-layout-flow wp-block-column-is-layout-flow\">\n<p class=\"has-text-color has-link-color wp-elements-3cc10f36941ab30e65fe70d126d39f05\" style=\"color:#e4a804\"><\/p>\n\n\n\n<p><\/p>\n<\/div>\n\n\n\n<div class=\"wp-block-column is-layout-flow wp-block-column-is-layout-flow\"><\/div>\n<\/div>\n<\/div>\n<\/div>\n<\/div>\n<\/div>\n","protected":false},"excerpt":{"rendered":"<p>\u00bfQui\u00e9nes somos? R\u00b2 Ingenier\u00eda es una empresa enfocada en el dise\u00f1o y consultor\u00eda estructural con la visi\u00f3n de abarcar cada una de las facetas y prever las necesidades de un dise\u00f1o que soporte de manera objetiva&nbsp; la funcionalidad, econom\u00eda y est\u00e9tica de cada soluci\u00f3n. Todo esto fundado en una vasta experiencia y flexibilidad sin comprometer [&hellip;]<\/p>\n","protected":false},"author":1,"featured_media":0,"parent":0,"menu_order":0,"comment_status":"closed","ping_status":"closed","template":"","meta":{"footnotes":""},"_links":{"self":[{"href":"https:\/\/rcuadradoingenieria.com\/index.php\/wp-json\/wp\/v2\/pages\/436"}],"collection":[{"href":"https:\/\/rcuadradoingenieria.com\/index.php\/wp-json\/wp\/v2\/pages"}],"about":[{"href":"https:\/\/rcuadradoingenieria.com\/index.php\/wp-json\/wp\/v2\/types\/page"}],"author":[{"embeddable":true,"href":"https:\/\/rcuadradoingenieria.com\/index.php\/wp-json\/wp\/v2\/users\/1"}],"replies":[{"embeddable":true,"href":"https:\/\/rcuadradoingenieria.com\/index.php\/wp-json\/wp\/v2\/comments?post=436"}],"version-history":[{"count":20,"href":"https:\/\/rcuadradoingenieria.com\/index.php\/wp-json\/wp\/v2\/pages\/436\/revisions"}],"predecessor-version":[{"id":804,"href":"https:\/\/rcuadradoingenieria.com\/index.php\/wp-json\/wp\/v2\/pages\/436\/revisions\/804"}],"wp:attachment":[{"href":"https:\/\/rcuadradoingenieria.com\/index.php\/wp-json\/wp\/v2\/media?parent=436"}],"curies":[{"name":"wp","href":"https:\/\/api.w.org\/{rel}","templated":true}]}}